{"id":30168,"date":"2026-03-17T01:17:39","date_gmt":"2026-03-17T00:17:39","guid":{"rendered":"https:\/\/yourealestate.be\/?page_id=30168"},"modified":"2026-04-05T17:05:17","modified_gmt":"2026-04-05T15:05:17","slug":"agence-immobiliere-berchem-sainte-agathe","status":"publish","type":"page","link":"https:\/\/yourealestate.be\/en\/agence-immobiliere-berchem-sainte-agathe\/","title":{"rendered":"Real Estate Berchem-Sainte-Agathe | You Real Estate"},"content":{"rendered":"<div class=\"meta-info\">\n<strong>Valuation in Berchem-Sainte-Agathe<\/strong> - Median house price: \u20ac400,000 | Growth: +11.1% in 5 years\n            <\/div>\n<p>Berchem-Sainte-Agathe represents Brussels' growing middle-class segment. With a median house price of \u20ac400,000, it offers a balanced positioning: affordable without being cheap. At this price, buyers get solid properties-mostly traditional homes dating from the 1920s-1950s, well oriented, with functional gardens.<\/p>\n<p>The commune has a distinct urban profile. It does not enjoy the fame of Auderghem, but it cultivates its own charm. It doesn't have Anderlecht's accelerated transformation dynamic, but it does offer a welcome stability. For many homebuyers, Berchem-Sainte-Agathe is an important step on the residential ladder, often becoming a permanent fixture.<\/p>\n<h3>A sustained upward trend<\/h3>\n<p>The 11.1% increase in five years testifies to the growing interest in this north-west Brussels commune. This is due to a number of factors: initial affordability, gradual gentrification and convenient proximity to Schaerbeek and Ixelles train stations for commuters. The market remains relatively active: well-maintained properties sell out in 4-6 months, while those in need of restoration find a clientele of investors or buyers with entrepreneurial skills.<\/p>\n<h3>Sectors to focus on<\/h3>\n<p>Towards Chauss\u00e9e de Gand: a convenient, commercial area with optimal access to transport. Slightly noisy but offering convenience. Towards Ganshoren: more residential and quiet, with small streets offering an urban village character. The southern sectors, slightly sloping towards the city center, remain less sought-after but sometimes offer more space.<\/p>\n<div class=\"price-highlight\">\n<div class=\"euro\">400.000\u20ac<\/div>\n<div class=\"label\">Median house price in Berchem-Sainte-Agathe (2025) | +11.1% since 2021<\/div>\n<\/div>\n<p>The homogeneity of the Berchem market is remarkable: the differences between properties remain limited, reflecting architectural coherence and social homogeneity. This characteristic creates predictability and risk limitation: few unpleasant surprises on viewing, relative certainty of valuations, absence of spectacular \u201cbargains\u201d but also of problem purchases.<\/p>\n<div class=\"info-achat\" style=\"background:#f0f7f7;border-left:4px solid #1a3a3a;padding:20px 25px;margin:25px 0;border-radius:0 8px 8px 0;\">\n<h3 style=\"color:#1a3a3a;margin-top:0;\">Informations utiles pour votre achat<\/h3>\n<p>Avant d&#8217;acqu\u00e9rir un bien en R\u00e9gion bruxelloise, renseignez-vous sur les aspects financiers et \u00e9nerg\u00e9tiques:<\/p>\n<ul style=\"line-height:1.8;\">\n<li><a href=\"https:\/\/www.notaire.be\/calcul-de-frais\/achat\" target=\"_blank\" rel=\"noopener\"><strong>Calculer vos frais de notaire<\/strong><\/a> \u2014 Simulateur officiel de la F\u00e9d\u00e9ration du Notariat (notaire.be)<\/li>\n<li><a href=\"https:\/\/fiscalite.brussels\/fr\/abattement\" target=\"_blank\" rel=\"noopener\"><strong>Abattement sur les droits d&#8217;enregistrement<\/strong><\/a> \u2014 Conditions et montants sur Bruxelles Fiscalit\u00e9<\/li>\n<li><a href=\"https:\/\/fiscalite.brussels\/fr\/news\/abattement-droits-enregistrement-facilite-acces-a-la-propriete\" target=\"_blank\" rel=\"noopener\"><strong>Abattement suppl\u00e9mentaire li\u00e9 au PEB<\/strong><\/a> \u2014 R\u00e9duction compl\u00e9mentaire si am\u00e9lioration \u00e9nerg\u00e9tique de 2 classes en 5 ans<\/li>\n<li><a href=\"https:\/\/environnement.brussels\/citoyen\/reglementation-et-inspection\/obligations-et-autorisations\/objectifs-peb-pour-chaque-logement-et-exigences-peb-en-cas-de-travaux\" target=\"_blank\" rel=\"noopener\"><strong>Objectifs PEB 2033 et 2045<\/strong><\/a> \u2014 Obligation de r\u00e9novation \u00e9nerg\u00e9tique: classe E min. d&#8217;ici 2033, classe C min. d&#8217;ici 2045 (Bruxelles Environnement)<\/li>\n<li><a href=\"https:\/\/environnement.brussels\/citoyen\/reglementation-et-inspection\/obligations-et-autorisations\/le-certificat-peb-dun-logement-en-region-bruxelloise\" target=\"_blank\" rel=\"noopener\"><strong>Certificat PEB<\/strong><\/a> \u2014 Comprendre le certificat \u00e9nerg\u00e9tique de votre futur bien<\/li>\n<\/ul>\n<\/div>\n<div class=\"cta-section\">\n<h3>Ready to invest or sell in Berchem-Sainte-Agathe?<\/h3>\n<p>Get a reliable estimate of your property<\/p>\n<p><a class=\"cta-button\" href=\"\/en\/free-estimate\/\">Request a free estimate<\/a>\n<\/div>\n<div class=\"sources\">\n<strong>Sources:<\/strong> Fednot\/Notaire.be, Press release \u201cReal estate in Brussels in 2025\u201d, published on 04\/02\/2026\n            <\/div>","protected":false},"excerpt":{"rendered":"<p>Estimation \u00e0 Berchem-Sainte-Agathe &#8211; Prix m\u00e9dian maisons: 400.000\u20ac | Progression: +11,1% en 5 ans Berchem-Sainte-Agathe repr\u00e9sente le segment de la classe moyenne bruxelloise en progression. Avec un prix m\u00e9dian de 400.000\u20ac pour une maison, elle offre un positionnement \u00e9quilibr\u00e9: accessible sans \u00eatre brad\u00e9e. \u00c0 ce prix, les acqu\u00e9reurs obtiennent des biens solides\u2014majoritairement des maisons traditionnelles [&hellip;]<\/p>\n","protected":false},"author":2,"featured_media":0,"parent":0,"menu_order":0,"comment_status":"closed","ping_status":"closed","template":"","meta":{"footnotes":""},"class_list":["post-30168","page","type-page","status-publish","hentry"],"aioseo_notices":[],"_links":{"self":[{"href":"https:\/\/yourealestate.be\/en\/wp-json\/wp\/v2\/pages\/30168","targetHints":{"allow":["GET"]}}],"collection":[{"href":"https:\/\/yourealestate.be\/en\/wp-json\/wp\/v2\/pages"}],"about":[{"href":"https:\/\/yourealestate.be\/en\/wp-json\/wp\/v2\/types\/page"}],"author":[{"embeddable":true,"href":"https:\/\/yourealestate.be\/en\/wp-json\/wp\/v2\/users\/2"}],"replies":[{"embeddable":true,"href":"https:\/\/yourealestate.be\/en\/wp-json\/wp\/v2\/comments?post=30168"}],"version-history":[{"count":2,"href":"https:\/\/yourealestate.be\/en\/wp-json\/wp\/v2\/pages\/30168\/revisions"}],"predecessor-version":[{"id":30559,"href":"https:\/\/yourealestate.be\/en\/wp-json\/wp\/v2\/pages\/30168\/revisions\/30559"}],"wp:attachment":[{"href":"https:\/\/yourealestate.be\/en\/wp-json\/wp\/v2\/media?parent=30168"}],"curies":[{"name":"wp","href":"https:\/\/api.w.org\/{rel}","templated":true}]}}