{"id":30208,"date":"2026-03-17T10:24:57","date_gmt":"2026-03-17T09:24:57","guid":{"rendered":"https:\/\/yourealestate.be\/nos-communes\/"},"modified":"2026-03-17T10:24:57","modified_gmt":"2026-03-17T09:24:57","slug":"our-communities","status":"publish","type":"page","link":"https:\/\/yourealestate.be\/en\/nos-communes\/","title":{"rendered":"Our communities"},"content":{"rendered":"<p style=\"text-align:justify;\">You Real Estate is a real estate agency active throughout the Brussels-Capital Region and in a number of outlying communes. We support our customers in selling, buying and renting residential property, with in-depth knowledge of the local market in each commune.<\/p>\n<p style=\"text-align:justify;\">Discover our pages dedicated to each of the communities in which we operate. You'll find up-to-date median prices, market trends and an overview of our local expertise.<\/p>\n<h3>Brussels' 19 communes<\/h3>\n<ul>\n<li><a href=\"https:\/\/yourealestate.be\/en\/agence-immobiliere-anderlecht\/\">Anderlecht<\/a><\/li>\n<li><a href=\"https:\/\/yourealestate.be\/en\/agence-immobiliere-auderghem\/\">Auderghem<\/a><\/li>\n<li><a href=\"https:\/\/yourealestate.be\/en\/agence-immobiliere-berchem-sainte-agathe\/\">Berchem-Sainte-Agathe<\/a><\/li>\n<li><a href=\"https:\/\/yourealestate.be\/en\/agence-immobiliere-bruxelles\/\">Bruxelles-city<\/a><\/li>\n<li><a href=\"https:\/\/yourealestate.be\/en\/agence-immobiliere-etterbeek\/\">Etterbeek<\/a><\/li>\n<li><a href=\"https:\/\/yourealestate.be\/en\/agence-immobiliere-evere\/\">Evere<\/a><\/li>\n<li><a href=\"https:\/\/yourealestate.be\/en\/agence-immobiliere-forest\/\">Forest<\/a><\/li>\n<li><a href=\"https:\/\/yourealestate.be\/en\/agence-immobiliere-ganshoren\/\">Ganshoren<\/a><\/li>\n<li><a href=\"https:\/\/yourealestate.be\/en\/agence-immobiliere-ixelles\/\">Ixelles<\/a><\/li>\n<li><a href=\"https:\/\/yourealestate.be\/en\/agence-immobiliere-jette\/\">Jette<\/a><\/li>\n<li><a href=\"https:\/\/yourealestate.be\/en\/agence-immobiliere-koekelberg\/\">Koekelberg<\/a><\/li>\n<li><a href=\"https:\/\/yourealestate.be\/en\/real-estate-molenbeek\/\">Molenbeek-Saint-Jean<\/a><\/li>\n<li><a href=\"https:\/\/yourealestate.be\/en\/agence-immobiliere-saint-gilles\/\">Saint-Gilles<\/a><\/li>\n<li><a href=\"https:\/\/yourealestate.be\/en\/agence-immobiliere-saint-josse\/\">Saint-Josse-ten-Noode<\/a><\/li>\n<li><a href=\"https:\/\/yourealestate.be\/en\/agence-immobiliere-schaerbeek\/\">Schaerbeek<\/a><\/li>\n<li><a href=\"https:\/\/yourealestate.be\/en\/agence-immobiliere-uccle\/\">Uccle<\/a><\/li>\n<li><a href=\"https:\/\/yourealestate.be\/en\/agence-immobiliere-watermael-boitsfort\/\">Watermael-Boitsfort<\/a><\/li>\n<\/ul>\n<h3>Brussels suburbs<\/h3>\n<ul>\n<li><a href=\"https:\/\/yourealestate.be\/en\/agence-immobiliere-woluwe-saint-lambert\/\">Woluwe-Saint-Lambert<\/a><\/li>\n<li><a href=\"https:\/\/yourealestate.be\/en\/agence-immobiliere-woluwe-saint-pierre\/\">Woluwe-Saint-Pierre<\/a><\/li>\n<li><a href=\"https:\/\/yourealestate.be\/en\/agence-immobiliere-rhode-saint-genese\/\">Rhode-Saint-Gen\u00e8se<\/a><\/li>\n<li><a href=\"https:\/\/yourealestate.be\/en\/agence-immobiliere-kraainem\/\">Kraainem<\/a><\/li>\n<\/ul>\n<p style=\"text-align:justify;\">Would you like to know the value of your property? <a href=\"\/en\/free-estimate\/\"><strong>Request a free estimate<\/strong><\/a>, without obligation.<\/p>","protected":false},"excerpt":{"rendered":"<p>You Real Estate est une agence immobili\u00e8re active dans l\u2019ensemble de la R\u00e9gion de Bruxelles-Capitale et dans certaines communes de la p\u00e9riph\u00e9rie. Nous accompagnons nos clients dans la vente, l\u2019achat et la location de biens r\u00e9sidentiels, avec une connaissance approfondie du march\u00e9 local de chaque commune. D\u00e9couvrez ci-dessous nos pages d\u00e9di\u00e9es \u00e0 chacune des communes [&hellip;]<\/p>\n","protected":false},"author":2,"featured_media":0,"parent":0,"menu_order":0,"comment_status":"closed","ping_status":"closed","template":"","meta":{"footnotes":""},"class_list":["post-30208","page","type-page","status-publish","hentry"],"aioseo_notices":[],"_links":{"self":[{"href":"https:\/\/yourealestate.be\/en\/wp-json\/wp\/v2\/pages\/30208","targetHints":{"allow":["GET"]}}],"collection":[{"href":"https:\/\/yourealestate.be\/en\/wp-json\/wp\/v2\/pages"}],"about":[{"href":"https:\/\/yourealestate.be\/en\/wp-json\/wp\/v2\/types\/page"}],"author":[{"embeddable":true,"href":"https:\/\/yourealestate.be\/en\/wp-json\/wp\/v2\/users\/2"}],"replies":[{"embeddable":true,"href":"https:\/\/yourealestate.be\/en\/wp-json\/wp\/v2\/comments?post=30208"}],"version-history":[{"count":0,"href":"https:\/\/yourealestate.be\/en\/wp-json\/wp\/v2\/pages\/30208\/revisions"}],"wp:attachment":[{"href":"https:\/\/yourealestate.be\/en\/wp-json\/wp\/v2\/media?parent=30208"}],"curies":[{"name":"wp","href":"https:\/\/api.w.org\/{rel}","templated":true}]}}