{"id":30184,"date":"2026-03-17T01:17:50","date_gmt":"2026-03-17T00:17:50","guid":{"rendered":"https:\/\/yourealestate.be\/?page_id=30184"},"modified":"2026-04-05T17:04:57","modified_gmt":"2026-04-05T15:04:57","slug":"agence-immobiliere-woluwe-saint-pierre","status":"publish","type":"page","link":"https:\/\/yourealestate.be\/nl\/agence-immobiliere-woluwe-saint-pierre\/","title":{"rendered":"Makelaarskantoor Sint-Pieters-Woluwe | U Vastgoed"},"content":{"rendered":"<div class=\"meta-info\">\n<strong>Taxatie Sint-Pieters-Woluwe<\/strong> - Gemiddelde huizenprijs: \u20ac746.500 | Prestigieuze stad met een groot prestige | Zeer stabiel\n            <\/div>\n<p>Sint-Pieters-Woluwe is de ultieme prestige woonbestemming in Brussel. Met een mediane prijs van \u20ac746.500 bevindt Sint-Pieters-Woluwe zich in het absolute topsegment. Grenzend aan het Zoni\u00ebnwoud, prestigieuze architectuur uit de belle \u00e9poque, priv\u00e9parken, royale lanen: al deze elementen onderstrepen de ultra-exclusieve positionering van Sint-Pieters-Woluwe.<\/p>\n<h3>Gevestigd prestige en milieu prestige<\/h3>\n<p>Saint-Pierre biedt dubbel prestige: architecturaal prestige (prachtige, goed bewaarde 19e-eeuwse residenties) en ecologisch prestige (For\u00eat de Soignes, aangelegde parken, lommerrijke lanen). De bevolking is welgesteld, gevestigd en vaak meergenerationeel.<\/p>\n<h3>Ultra-exclusieve en stabiele markt<\/h3>\n<p>De markt voor wollen peren blijft zeer selectief. Lage transactievolumes, sterke prijzen en een uiterst selectieve klantenkring. Dit is eerder een markt van prestige stabiliteit dan van veranderende dynamiek. Kopers komen voor een bevestigde status, een behouden omgeving, een bevestigde stedelijke status.<\/p>\n<div class=\"price-highlight\">\n<div class=\"euro\">746.500\u20ac<\/div>\n<div class=\"label\">Mediaanprijs van een huis in Sint-Pieters-Woluwe (2025) | Prestige \u00e9tabli<\/div>\n<\/div>\n<div class=\"info-achat\" style=\"background:#f0f7f7;border-left:4px solid #1a3a3a;padding:20px 25px;margin:25px 0;border-radius:0 8px 8px 0;\">\n<h3 style=\"color:#1a3a3a;margin-top:0;\">Nuttige informatie voor uw aankoop<\/h3>\n<p>Informeer naar de financi\u00eble en energieaspecten voordat u een huis koopt in het Brussels Gewest:<\/p>\n<ul style=\"line-height:1.8;\">\n<li><a href=\"https:\/\/www.notaire.be\/calcul-de-frais\/achat\" target=\"_blank\" rel=\"noopener\"><strong>Bereken je notariskosten<\/strong><\/a> - Offici\u00eble simulator van de F\u00e9d\u00e9ration du Notariat (notaire.be)<\/li>\n<li><a href=\"https:\/\/fiscalite.brussels\/fr\/abattement\" target=\"_blank\" rel=\"noopener\"><strong>Verlaging van registratiekosten<\/strong><\/a> - Voorwaarden en bedragen in Brusselse belastingen<\/li>\n<li><a href=\"https:\/\/fiscalite.brussels\/fr\/news\/abattement-droits-enregistrement-facilite-acces-a-la-propriete\" target=\"_blank\" rel=\"noopener\"><strong>Extra vergoeding gekoppeld aan de EPB<\/strong><\/a> - Extra reductie bij energieverbetering van 2 klassen in 5 jaar<\/li>\n<li><a href=\"https:\/\/environnement.brussels\/citoyen\/reglementation-et-inspection\/obligations-et-autorisations\/objectifs-peb-pour-chaque-logement-et-exigences-peb-en-cas-de-travaux\" target=\"_blank\" rel=\"noopener\"><strong>2033 en 2045 EPB doelen<\/strong><\/a> - Verplichting energierenovatie: minimum klasse E tegen 2033, minimum klasse C tegen 2045 (Leefmilieu Brussel)<\/li>\n<li><a href=\"https:\/\/environnement.brussels\/citoyen\/reglementation-et-inspection\/obligations-et-autorisations\/le-certificat-peb-dun-logement-en-region-bruxelloise\" target=\"_blank\" rel=\"noopener\"><strong>EPB-certificaat<\/strong><\/a> - Inzicht in het energiecertificaat voor je toekomstige woning<\/li>\n<\/ul>\n<\/div>\n<div class=\"cta-section\">\n<h3>Sint-Pieters-Woluwe: het ultieme prestige?<\/h3>\n<p>We hebben expertise in dit uitzonderlijke segment<\/p>\n<p><a class=\"cta-button\" href=\"\/nl\/gratis-prijsopgave\/\">Vraag een gratis offerte aan<\/a>\n<\/div>\n<div class=\"sources\">\n<strong>Bronnen:<\/strong> Fednot\/Notaire.be, Persbericht \u201cVastgoed in Brussel in 2025\u201d, gepubliceerd op 04\/02\/2026\n            <\/div>","protected":false},"excerpt":{"rendered":"<p>Estimation Woluwe-Saint-Pierre &#8211; Prix m\u00e9dian maisons: 746.500\u20ac | Commune de prestige majeure | Stabilit\u00e9 affirm\u00e9e Woluwe-Saint-Pierre constitue ultime destination r\u00e9sidentielle prestige bruxelloise. Prix m\u00e9dian de 746.500\u20ac situe commune segment premium absolu. For\u00eat de Soignes adjacente, architecture belle \u00e9poque de prestige, parcs priv\u00e9s, avenues g\u00e9n\u00e9reuses: tous ces \u00e9l\u00e9ments affirment positionnement ultra-exclusif. Prestige \u00e9tabli et prestige environnemental [&hellip;]<\/p>\n","protected":false},"author":2,"featured_media":0,"parent":0,"menu_order":0,"comment_status":"closed","ping_status":"closed","template":"","meta":{"footnotes":""},"class_list":["post-30184","page","type-page","status-publish","hentry"],"aioseo_notices":[],"_links":{"self":[{"href":"https:\/\/yourealestate.be\/nl\/wp-json\/wp\/v2\/pages\/30184","targetHints":{"allow":["GET"]}}],"collection":[{"href":"https:\/\/yourealestate.be\/nl\/wp-json\/wp\/v2\/pages"}],"about":[{"href":"https:\/\/yourealestate.be\/nl\/wp-json\/wp\/v2\/types\/page"}],"author":[{"embeddable":true,"href":"https:\/\/yourealestate.be\/nl\/wp-json\/wp\/v2\/users\/2"}],"replies":[{"embeddable":true,"href":"https:\/\/yourealestate.be\/nl\/wp-json\/wp\/v2\/comments?post=30184"}],"version-history":[{"count":2,"href":"https:\/\/yourealestate.be\/nl\/wp-json\/wp\/v2\/pages\/30184\/revisions"}],"predecessor-version":[{"id":30543,"href":"https:\/\/yourealestate.be\/nl\/wp-json\/wp\/v2\/pages\/30184\/revisions\/30543"}],"wp:attachment":[{"href":"https:\/\/yourealestate.be\/nl\/wp-json\/wp\/v2\/media?parent=30184"}],"curies":[{"name":"wp","href":"https:\/\/api.w.org\/{rel}","templated":true}]}}