{"id":30208,"date":"2026-03-17T10:24:57","date_gmt":"2026-03-17T09:24:57","guid":{"rendered":"https:\/\/yourealestate.be\/nos-communes\/"},"modified":"2026-03-17T10:24:57","modified_gmt":"2026-03-17T09:24:57","slug":"onze-gemeenten","status":"publish","type":"page","link":"https:\/\/yourealestate.be\/nl\/nos-communes\/","title":{"rendered":"Onze steden"},"content":{"rendered":"<p style=\"text-align:justify;\">You Real Estate is een immobili\u00ebnkantoor dat actief is in het hele Brussels Hoofdstedelijk Gewest en in bepaalde randgemeenten. We begeleiden onze klanten bij de verkoop, aankoop en verhuur van woningen, met een grondige kennis van de lokale markt in elke gemeente.<\/p>\n<p style=\"text-align:justify;\">Ontdek onze pagina's over de gemeenten waarin we actief zijn. Je vindt er actuele mediaanprijzen, markttrends en een overzicht van onze lokale expertise.<\/p>\n<h3>De 19 gemeenten van Brussel<\/h3>\n<ul>\n<li><a href=\"https:\/\/yourealestate.be\/nl\/agence-immobiliere-anderlecht\/\">Anderlecht<\/a><\/li>\n<li><a href=\"https:\/\/yourealestate.be\/nl\/agence-immobiliere-auderghem\/\">Oudergem<\/a><\/li>\n<li><a href=\"https:\/\/yourealestate.be\/nl\/agence-immobiliere-berchem-sainte-agathe\/\">Sint-Agatha-Berchem<\/a><\/li>\n<li><a href=\"https:\/\/yourealestate.be\/nl\/immobilienkantoor-bruxelles\/\">Stad Brussel<\/a><\/li>\n<li><a href=\"https:\/\/yourealestate.be\/nl\/agentschap-immobilien-etterbeek\/\">Etterbeek<\/a><\/li>\n<li><a href=\"https:\/\/yourealestate.be\/nl\/agence-immobiliere-evere\/\">Evere<\/a><\/li>\n<li><a href=\"https:\/\/yourealestate.be\/nl\/agence-immobiliere-forest\/\">Vorst<\/a><\/li>\n<li><a href=\"https:\/\/yourealestate.be\/nl\/agence-immobiliere-ganshoren\/\">Ganshoren<\/a><\/li>\n<li><a href=\"https:\/\/yourealestate.be\/nl\/immobilienkantoor-elsene\/\">Elsene<\/a><\/li>\n<li><a href=\"https:\/\/yourealestate.be\/nl\/immobilienkantoor-jette\/\">Jette<\/a><\/li>\n<li><a href=\"https:\/\/yourealestate.be\/nl\/makelaar-koekelberg\/\">Koekelberg<\/a><\/li>\n<li><a href=\"https:\/\/yourealestate.be\/nl\/makelaarskantoor-molenbeek\/\">Sint-Jans-Molenbeek<\/a><\/li>\n<li><a href=\"https:\/\/yourealestate.be\/nl\/agence-immobiliere-saint-gilles\/\">Sint-Gillis<\/a><\/li>\n<li><a href=\"https:\/\/yourealestate.be\/nl\/agence-immobiliere-saint-josse\/\">Sint-Joost-ten-Node<\/a><\/li>\n<li><a href=\"https:\/\/yourealestate.be\/nl\/agence-immobiliere-schaerbeek\/\">Schaarbeek<\/a><\/li>\n<li><a href=\"https:\/\/yourealestate.be\/nl\/immobilienkantoor-ukkel\/\">Ukkel<\/a><\/li>\n<li><a href=\"https:\/\/yourealestate.be\/nl\/agence-immobiliere-watermael-boitsfort\/\">Watermaal-Bosvoorde<\/a><\/li>\n<\/ul>\n<h3>Brusselse voorsteden<\/h3>\n<ul>\n<li><a href=\"https:\/\/yourealestate.be\/nl\/agence-immobiliere-woluwe-saint-lambert\/\">Sint-Lambrechts-Woluwe<\/a><\/li>\n<li><a href=\"https:\/\/yourealestate.be\/nl\/agence-immobiliere-woluwe-saint-pierre\/\">Sint-Pieters-Woluwe<\/a><\/li>\n<li><a href=\"https:\/\/yourealestate.be\/nl\/agence-immobiliere-rhode-saint-genese\/\">Sint-Genesius-Rode<\/a><\/li>\n<li><a href=\"https:\/\/yourealestate.be\/nl\/agence-immobiliere-kraainem\/\">Kraainem<\/a><\/li>\n<\/ul>\n<p style=\"text-align:justify;\">Wil je de waarde van je woning weten? <a href=\"\/nl\/gratis-prijsopgave\/\"><strong>Vraag een gratis offerte aan<\/strong><\/a>, zonder verplichting.<\/p>","protected":false},"excerpt":{"rendered":"<p>You Real Estate est une agence immobili\u00e8re active dans l\u2019ensemble de la R\u00e9gion de Bruxelles-Capitale et dans certaines communes de la p\u00e9riph\u00e9rie. Nous accompagnons nos clients dans la vente, l\u2019achat et la location de biens r\u00e9sidentiels, avec une connaissance approfondie du march\u00e9 local de chaque commune. D\u00e9couvrez ci-dessous nos pages d\u00e9di\u00e9es \u00e0 chacune des communes [&hellip;]<\/p>\n","protected":false},"author":2,"featured_media":0,"parent":0,"menu_order":0,"comment_status":"closed","ping_status":"closed","template":"","meta":{"footnotes":""},"class_list":["post-30208","page","type-page","status-publish","hentry"],"aioseo_notices":[],"_links":{"self":[{"href":"https:\/\/yourealestate.be\/nl\/wp-json\/wp\/v2\/pages\/30208","targetHints":{"allow":["GET"]}}],"collection":[{"href":"https:\/\/yourealestate.be\/nl\/wp-json\/wp\/v2\/pages"}],"about":[{"href":"https:\/\/yourealestate.be\/nl\/wp-json\/wp\/v2\/types\/page"}],"author":[{"embeddable":true,"href":"https:\/\/yourealestate.be\/nl\/wp-json\/wp\/v2\/users\/2"}],"replies":[{"embeddable":true,"href":"https:\/\/yourealestate.be\/nl\/wp-json\/wp\/v2\/comments?post=30208"}],"version-history":[{"count":0,"href":"https:\/\/yourealestate.be\/nl\/wp-json\/wp\/v2\/pages\/30208\/revisions"}],"wp:attachment":[{"href":"https:\/\/yourealestate.be\/nl\/wp-json\/wp\/v2\/media?parent=30208"}],"curies":[{"name":"wp","href":"https:\/\/api.w.org\/{rel}","templated":true}]}}